{"id":114,"date":"2022-07-07T15:33:18","date_gmt":"2022-07-07T13:33:18","guid":{"rendered":"http:\/\/localhost\/My%20Learning\/?page_id=114"},"modified":"2023-10-24T11:23:14","modified_gmt":"2023-10-24T09:23:14","slug":"les-ateliers-2","status":"publish","type":"page","link":"https:\/\/agencemylearning.fr\/index.php\/les-ateliers-2\/","title":{"rendered":"Les Ateliers"},"content":{"rendered":"<style>.kb-row-layout-id114_43a452-1f > .kt-row-column-wrap{align-content:start;}:where(.kb-row-layout-id114_43a452-1f > .kt-row-column-wrap) > .wp-block-kadence-column{justify-content:start;}.kb-row-layout-id114_43a452-1f > .kt-row-column-wrap{column-gap:var(--global-kb-gap-md, 2rem);row-gap:var(--global-kb-gap-md, 2rem);padding-top:0px;padding-bottom:25px;grid-template-columns:minmax(0, 1fr);}.kb-row-layout-id114_43a452-1f > .kt-row-layout-overlay{opacity:0.30;}@media all and (max-width: 1024px){.kb-row-layout-id114_43a452-1f > .kt-row-column-wrap{grid-template-columns:minmax(0, 1fr);}}@media all and (max-width: 767px){.kb-row-layout-id114_43a452-1f > .kt-row-column-wrap{grid-template-columns:minmax(0, 1fr);}}<\/style><div class=\"kb-row-layout-wrap kb-row-layout-id114_43a452-1f alignnone wp-block-kadence-rowlayout\"><div class=\"kt-row-column-wrap kt-has-1-columns kt-row-layout-equal kt-tab-layout-inherit kt-mobile-layout-row kt-row-valign-top\">\n<style>.kadence-column114_d76bdb-5b > .kt-inside-inner-col{min-height:171px;}.kadence-column114_d76bdb-5b > .kt-inside-inner-col,.kadence-column114_d76bdb-5b > .kt-inside-inner-col:before{border-top-left-radius:0px;border-top-right-radius:0px;border-bottom-right-radius:0px;border-bottom-left-radius:0px;}.kadence-column114_d76bdb-5b > .kt-inside-inner-col{justify-content:center;flex-direction:column;display:flex;}.kadence-column114_d76bdb-5b > .kt-inside-inner-col > .aligncenter{width:100%;}.kt-row-column-wrap > .kadence-column114_d76bdb-5b{align-self:center;}.kt-inner-column-height-full:not(.kt-has-1-columns) > .wp-block-kadence-column.kadence-column114_d76bdb-5b{align-self:auto;}.kt-inner-column-height-full:not(.kt-has-1-columns) > .wp-block-kadence-column.kadence-column114_d76bdb-5b > .kt-inside-inner-col{display:flex;flex-direction:column;justify-content:center;}.kadence-column114_d76bdb-5b > .kt-inside-inner-col{background-image:url('https:\/\/agencemylearning-fr.preview-domain.com\/wp-content\/uploads\/2022\/07\/background-1044838_1920-e1657119906707.jpg');background-size:cover;background-position:center center;background-attachment:scroll;background-repeat:no-repeat;}.kadence-column114_d76bdb-5b > .kt-inside-inner-col:before{opacity:0.3;}.kadence-column114_d76bdb-5b{position:relative;}<\/style>\n<div class=\"wp-block-kadence-column kadence-column114_d76bdb-5b inner-column-1\"><div class=\"kt-inside-inner-col\"><style>.wp-block-kadence-advancedheading.kt-adv-heading114_6a554d-a9, .wp-block-kadence-advancedheading.kt-adv-heading114_6a554d-a9[data-kb-block=\"kb-adv-heading114_6a554d-a9\"]{text-align:center;font-size:41px;font-style:normal;}.wp-block-kadence-advancedheading.kt-adv-heading114_6a554d-a9 mark, .wp-block-kadence-advancedheading.kt-adv-heading114_6a554d-a9[data-kb-block=\"kb-adv-heading114_6a554d-a9\"] mark{font-style:normal;color:#f76a0c;padding-top:0px;padding-right:0px;padding-bottom:0px;padding-left:0px;}<\/style>\n<h2 class=\"kt-adv-heading114_6a554d-a9 wp-block-kadence-advancedheading has-theme-palette-9-color has-text-color\" data-kb-block=\"kb-adv-heading114_6a554d-a9\">Les Ateliers cr\u00e9atifs<\/h2>\n<\/div><\/div>\n\n<\/div><\/div>\n\n<style>.wp-block-kadence-advancedheading.kt-adv-heading114_57a1fe-5b, .wp-block-kadence-advancedheading.kt-adv-heading114_57a1fe-5b[data-kb-block=\"kb-adv-heading114_57a1fe-5b\"]{text-align:center;font-style:normal;}.wp-block-kadence-advancedheading.kt-adv-heading114_57a1fe-5b mark, .wp-block-kadence-advancedheading.kt-adv-heading114_57a1fe-5b[data-kb-block=\"kb-adv-heading114_57a1fe-5b\"] mark{font-style:normal;color:#f76a0c;padding-top:0px;padding-right:0px;padding-bottom:0px;padding-left:0px;}<\/style>\n<h2 class=\"kt-adv-heading114_57a1fe-5b wp-block-kadence-advancedheading\" data-kb-block=\"kb-adv-heading114_57a1fe-5b\">Ateliers cr\u00e9atifs s\u00e9niors<\/h2>\n\n\n<style>.kb-row-layout-id114_77cd95-da > .kt-row-column-wrap{align-content:start;}:where(.kb-row-layout-id114_77cd95-da > .kt-row-column-wrap) > .wp-block-kadence-column{justify-content:start;}.kb-row-layout-id114_77cd95-da > .kt-row-column-wrap{column-gap:var(--global-kb-gap-md, 2rem);row-gap:var(--global-kb-gap-md, 2rem);max-width:var( --global-content-width, 1290px );padding-left:var(--global-content-edge-padding);padding-right:var(--global-content-edge-padding);padding-top:25px;padding-right:100px;padding-bottom:25px;padding-left:100px;grid-template-columns:repeat(2, minmax(0, 1fr));}.kb-row-layout-id114_77cd95-da > .kt-row-layout-overlay{opacity:0.30;}@media all and (max-width: 1024px){.kb-row-layout-id114_77cd95-da > .kt-row-column-wrap{grid-template-columns:repeat(2, minmax(0, 1fr));}}@media all and (max-width: 767px){.kb-row-layout-id114_77cd95-da > .kt-row-column-wrap{grid-template-columns:minmax(0, 1fr);}}<\/style><div class=\"kb-row-layout-wrap kb-row-layout-id114_77cd95-da alignnone wp-block-kadence-rowlayout\"><div class=\"kt-row-column-wrap kt-has-2-columns kt-row-layout-equal kt-tab-layout-inherit kt-mobile-layout-row kt-row-valign-top kb-theme-content-width\">\n<style>.kadence-column114_9f6cda-a4 > .kt-inside-inner-col,.kadence-column114_9f6cda-a4 > .kt-inside-inner-col:before{border-top-left-radius:0px;border-top-right-radius:0px;border-bottom-right-radius:0px;border-bottom-left-radius:0px;}.kadence-column114_9f6cda-a4 > .kt-inside-inner-col{justify-content:center;flex-direction:column;display:flex;}.kadence-column114_9f6cda-a4 > .kt-inside-inner-col > .aligncenter{width:100%;}.kt-row-column-wrap > .kadence-column114_9f6cda-a4{align-self:center;}.kt-inner-column-height-full:not(.kt-has-1-columns) > .wp-block-kadence-column.kadence-column114_9f6cda-a4{align-self:auto;}.kt-inner-column-height-full:not(.kt-has-1-columns) > .wp-block-kadence-column.kadence-column114_9f6cda-a4 > .kt-inside-inner-col{display:flex;flex-direction:column;justify-content:center;}.kadence-column114_9f6cda-a4 > .kt-inside-inner-col:before{opacity:0.3;}.kadence-column114_9f6cda-a4{position:relative;}<\/style>\n<div class=\"wp-block-kadence-column kadence-column114_9f6cda-a4 inner-column-1\"><div class=\"kt-inside-inner-col\"><style>.kb-image114_27974a-0b .kb-image-has-overlay:after{opacity:0.3;}<\/style>\n<div class=\"wp-block-kadence-image kb-image114_27974a-0b\"><figure class=\"aligncenter size-large\"><img decoding=\"async\" loading=\"lazy\" width=\"1024\" height=\"577\" src=\"https:\/\/agencemylearning.fr\/wp-content\/uploads\/2023\/02\/5217-1024x577.jpg\" alt=\"Art workshop in studio. Cartoon artists creating artworks with rollers, paintbrushes, paints, easels. Vector illustration for painting, drawing, art school, community concept\" class=\"kb-img wp-image-266\" srcset=\"https:\/\/agencemylearning.fr\/wp-content\/uploads\/2023\/02\/5217-1024x577.jpg 1024w, https:\/\/agencemylearning.fr\/wp-content\/uploads\/2023\/02\/5217-300x169.jpg 300w, https:\/\/agencemylearning.fr\/wp-content\/uploads\/2023\/02\/5217-768x433.jpg 768w, https:\/\/agencemylearning.fr\/wp-content\/uploads\/2023\/02\/5217-1536x865.jpg 1536w, https:\/\/agencemylearning.fr\/wp-content\/uploads\/2023\/02\/5217-2048x1154.jpg 2048w\" sizes=\"(max-width: 1024px) 100vw, 1024px\" \/><\/figure><\/div>\n<\/div><\/div>\n\n\n<style>.kadence-column114_9f80a9-ec > .kt-inside-inner-col,.kadence-column114_9f80a9-ec > .kt-inside-inner-col:before{border-top-left-radius:0px;border-top-right-radius:0px;border-bottom-right-radius:0px;border-bottom-left-radius:0px;}.kadence-column114_9f80a9-ec > .kt-inside-inner-col{justify-content:center;flex-direction:column;display:flex;}.kadence-column114_9f80a9-ec > .kt-inside-inner-col > .aligncenter{width:100%;}.kt-row-column-wrap > .kadence-column114_9f80a9-ec{align-self:center;}.kt-inner-column-height-full:not(.kt-has-1-columns) > .wp-block-kadence-column.kadence-column114_9f80a9-ec{align-self:auto;}.kt-inner-column-height-full:not(.kt-has-1-columns) > .wp-block-kadence-column.kadence-column114_9f80a9-ec > .kt-inside-inner-col{display:flex;flex-direction:column;justify-content:center;}.kadence-column114_9f80a9-ec > .kt-inside-inner-col:before{opacity:0.3;}.kadence-column114_9f80a9-ec{position:relative;}<\/style>\n<div class=\"wp-block-kadence-column kadence-column114_9f80a9-ec inner-column-2\"><div class=\"kt-inside-inner-col\">\n<p class=\"has-text-align-left\"><strong>Cycle d&rsquo;activit\u00e9s<\/strong> qui&nbsp;permettent de <strong>sortir de l\u2019isolement<\/strong>,&nbsp;cr\u00e9er du lien social&nbsp;:<br>D\u00e9velopper l\u2019\u00e9coute, l\u2019ouverture d\u2019esprit et l\u2019empathie, renforcer l\u2019estime de soi par la cr\u00e9ativit\u00e9.<\/p>\n\n\n\n<p class=\"has-text-align-left\">Avec des activit\u00e9s de cr\u00e9ations :&nbsp;peinture, coloriage, collage, pliage, cr\u00e9ation<br>d&rsquo;objets \u2026. Qui d\u00e9veloppent les fonctions cognitives, am\u00e9liorent la concentration ainsi que la coordination mental-main.<br>Ces activit\u00e9s apaisent, d\u00e9tendent et permettent de diminuer les tensions physiques et mentales, l\u2019anxi\u00e9t\u00e9 et le stress.<\/p>\n\n\n\n<p class=\"has-text-align-left\">Avec des ateliers de discussion&nbsp;:&nbsp;jeux autour des pr\u00e9noms,&nbsp;jeux d&rsquo;\u00e9criture<br>autour des mots, \u00e9change autour d&rsquo;un m\u00eame th\u00e8me \u2026<\/p>\n<\/div><\/div>\n\n<\/div><\/div>\n\n<style>.wp-block-kadence-advancedheading.kt-adv-heading114_5971ba-cd, .wp-block-kadence-advancedheading.kt-adv-heading114_5971ba-cd[data-kb-block=\"kb-adv-heading114_5971ba-cd\"]{text-align:center;font-style:normal;}.wp-block-kadence-advancedheading.kt-adv-heading114_5971ba-cd mark, .wp-block-kadence-advancedheading.kt-adv-heading114_5971ba-cd[data-kb-block=\"kb-adv-heading114_5971ba-cd\"] mark{font-style:normal;color:#f76a0c;padding-top:0px;padding-right:0px;padding-bottom:0px;padding-left:0px;}<\/style>\n<h2 class=\"kt-adv-heading114_5971ba-cd wp-block-kadence-advancedheading\" data-kb-block=\"kb-adv-heading114_5971ba-cd\">Contenu des s\u00e9ances<\/h2>\n\n\n<style>.kb-row-layout-id114_fce445-03 > .kt-row-column-wrap{align-content:start;}:where(.kb-row-layout-id114_fce445-03 > .kt-row-column-wrap) > .wp-block-kadence-column{justify-content:start;}.kb-row-layout-id114_fce445-03 > .kt-row-column-wrap{column-gap:var(--global-kb-gap-md, 2rem);row-gap:var(--global-kb-gap-md, 2rem);padding-top:var(--global-kb-spacing-sm, 1.5rem);padding-bottom:var(--global-kb-spacing-sm, 1.5rem);grid-template-columns:minmax(0, 35%) minmax(0, 30%) minmax(0, 35%);}.kb-row-layout-id114_fce445-03 > .kt-row-layout-overlay{opacity:0.30;}@media all and (max-width: 1024px){.kb-row-layout-id114_fce445-03 > .kt-row-column-wrap{grid-template-columns:repeat(3, minmax(0, 1fr));}}@media all and (max-width: 767px){.kb-row-layout-id114_fce445-03 > .kt-row-column-wrap{padding-top:var(--global-kb-spacing-xs, 1rem);padding-right:var(--global-kb-spacing-xs, 1rem);padding-bottom:var(--global-kb-spacing-xs, 1rem);padding-left:var(--global-kb-spacing-xs, 1rem);grid-template-columns:minmax(0, 1fr);}}<\/style><div class=\"kb-row-layout-wrap kb-row-layout-id114_fce445-03 alignnone wp-block-kadence-rowlayout\"><div class=\"kt-row-column-wrap kt-has-3-columns kt-row-layout-center-exwide kt-tab-layout-inherit kt-mobile-layout-row kt-row-valign-top\">\n<style>.kadence-column114_a11024-88 > .kt-inside-inner-col,.kadence-column114_a11024-88 > .kt-inside-inner-col:before{border-top-left-radius:0px;border-top-right-radius:0px;border-bottom-right-radius:0px;border-bottom-left-radius:0px;}.kadence-column114_a11024-88 > .kt-inside-inner-col:before{opacity:0.3;}.kadence-column114_a11024-88{position:relative;}<\/style>\n<div class=\"wp-block-kadence-column kadence-column114_a11024-88 inner-column-1\"><div class=\"kt-inside-inner-col\"><\/div><\/div>\n\n\n<style>.kadence-column114_3cc288-95 > .kt-inside-inner-col,.kadence-column114_3cc288-95 > .kt-inside-inner-col:before{border-top-left-radius:0px;border-top-right-radius:0px;border-bottom-right-radius:0px;border-bottom-left-radius:0px;}.kadence-column114_3cc288-95 > .kt-inside-inner-col:before{opacity:0.3;}.kadence-column114_3cc288-95{position:relative;}<\/style>\n<div class=\"wp-block-kadence-column kadence-column114_3cc288-95 inner-column-2\"><div class=\"kt-inside-inner-col\"><style>.wp-block-kadence-iconlist.kt-svg-icon-list-items114_462835-ca ul.kt-svg-icon-list:not(.this-prevents-issues):not(.this-stops-third-party-issues):not(.tijsloc){margin-top:0px;margin-right:0px;margin-bottom:10px;margin-left:0px;}.wp-block-kadence-iconlist.kt-svg-icon-list-items114_462835-ca ul.kt-svg-icon-list{grid-row-gap:43px;}.wp-block-kadence-iconlist.kt-svg-icon-list-items114_462835-ca ul.kt-svg-icon-list .kt-svg-icon-list-item-wrap .kt-svg-icon-list-single{margin-right:10px;}@media all and (max-width: 1024px){.wp-block-kadence-iconlist.kt-svg-icon-list-items114_462835-ca ul.kt-svg-icon-list{grid-row-gap:43px;}}@media all and (max-width: 767px){.wp-block-kadence-iconlist.kt-svg-icon-list-items114_462835-ca ul.kt-svg-icon-list{grid-row-gap:43px;}}<\/style>\n<div class=\"wp-block-kadence-iconlist kt-svg-icon-list-items kt-svg-icon-list-items114_462835-ca kt-svg-icon-list-columns-1 aligncenter\"><ul class=\"kt-svg-icon-list\"><style>.kt-svg-icon-list-item-114_90bffe-36 .kt-svg-icon-list-single{font-size:20px !important;color:var(--global-palette3, #1A202C) !important;}<\/style>\n<li class=\"wp-block-kadence-listitem kt-svg-icon-list-item-wrap kt-svg-icon-list-item-114_90bffe-36 kt-svg-icon-list-style-default\"><span class=\"kb-svg-icon-wrap kb-svg-icon-fe_checkCircle kt-svg-icon-list-single\"><svg viewBox=\"0 0 24 24\"  fill=\"none\" stroke=\"currentColor\" stroke-width=\"2\" stroke-linecap=\"round\" stroke-linejoin=\"round\" xmlns=\"http:\/\/www.w3.org\/2000\/svg\" ><path d=\"M22 11.08V12a10 10 0 1 1-5.93-9.14\"\/><polyline points=\"22 4 12 14.01 9 11.01\"\/><\/svg><\/span><span class=\"kt-svg-icon-list-text\"><em><strong>Atelier portrait chinois\u00a0:<\/strong>\u00a0<\/em>permet \u00e0 chacun de se livrer\u00a0au travers de r\u00e9ponses<br>instinctives. Si j&rsquo;\u00e9tais un animal, une couleur \u2026autant de caract\u00e9ristiques qui<br>permettent de mieux se conna\u00eetre et d&rsquo;int\u00e9grer les nouveaux r\u00e9sidents.<\/span><\/li>\n\n\n<style>.kt-svg-icon-list-item-114_80b5c4-34 .kt-svg-icon-list-single{font-size:20px !important;color:var(--global-palette3, #1A202C) !important;}<\/style>\n<li class=\"wp-block-kadence-listitem kt-svg-icon-list-item-wrap kt-svg-icon-list-item-114_80b5c4-34 kt-svg-icon-list-style-default\"><span class=\"kb-svg-icon-wrap kb-svg-icon-fe_checkCircle kt-svg-icon-list-single\"><svg viewBox=\"0 0 24 24\"  fill=\"none\" stroke=\"currentColor\" stroke-width=\"2\" stroke-linecap=\"round\" stroke-linejoin=\"round\" xmlns=\"http:\/\/www.w3.org\/2000\/svg\" ><path d=\"M22 11.08V12a10 10 0 1 1-5.93-9.14\"\/><polyline points=\"22 4 12 14.01 9 11.01\"\/><\/svg><\/span><span class=\"kt-svg-icon-list-text\"><strong><em>Atelier Diaporama discussion :<\/em><\/strong>\u00a0Offrir des conditions propices pour se divertir et<br>\u00e9changer, \u00e9voquer des choses simples\u00a0: les voyages, la mode, l\u2019histoire des f\u00eates<br>calendaires, les sp\u00e9cialit\u00e9s de nos r\u00e9gions, la France et ses r\u00e9gions \u2026<\/span><\/li>\n\n\n<style>.kt-svg-icon-list-item-114_85fbe1-fc .kt-svg-icon-list-single{font-size:20px !important;color:var(--global-palette3, #1A202C) !important;}<\/style>\n<li class=\"wp-block-kadence-listitem kt-svg-icon-list-item-wrap kt-svg-icon-list-item-114_85fbe1-fc kt-svg-icon-list-style-default\"><span class=\"kb-svg-icon-wrap kb-svg-icon-fe_checkCircle kt-svg-icon-list-single\"><svg viewBox=\"0 0 24 24\"  fill=\"none\" stroke=\"currentColor\" stroke-width=\"2\" stroke-linecap=\"round\" stroke-linejoin=\"round\" xmlns=\"http:\/\/www.w3.org\/2000\/svg\" ><path d=\"M22 11.08V12a10 10 0 1 1-5.93-9.14\"\/><polyline points=\"22 4 12 14.01 9 11.01\"\/><\/svg><\/span><span class=\"kt-svg-icon-list-text\"><strong><em>Atelier Trombinoscope\u00a0:<\/em><\/strong>\u00a0Un atelier qui m\u00eale diff\u00e9rentes notions (coloriage,<br>d\u00e9coupage, collage, nuage de mots) pour s\u2019adapter au plus grand nombre\u00a0permet<br>un \u00e9change entre chaque r\u00e9sident.<\/span><\/li>\n\n\n<style>.kt-svg-icon-list-item-114_3edd8f-77 .kt-svg-icon-list-single{font-size:20px !important;color:var(--global-palette3, #1A202C) !important;}<\/style>\n<li class=\"wp-block-kadence-listitem kt-svg-icon-list-item-wrap kt-svg-icon-list-item-114_3edd8f-77 kt-svg-icon-list-style-default\"><span class=\"kb-svg-icon-wrap kb-svg-icon-fe_checkCircle kt-svg-icon-list-single\"><svg viewBox=\"0 0 24 24\"  fill=\"none\" stroke=\"currentColor\" stroke-width=\"2\" stroke-linecap=\"round\" stroke-linejoin=\"round\" xmlns=\"http:\/\/www.w3.org\/2000\/svg\" ><path d=\"M22 11.08V12a10 10 0 1 1-5.93-9.14\"\/><polyline points=\"22 4 12 14.01 9 11.01\"\/><\/svg><\/span><span class=\"kt-svg-icon-list-text\"><strong><em>Atelier\u00a0Mandala collectif :<\/em><\/strong> cr\u00e9ation d&rsquo;une fresque collaborative autour de<br>l&rsquo;interpr\u00e9tation d&rsquo;un th\u00e8me donn\u00e9 (les saisons par exemple) permet de laisser<br>libre cours \u00e0 son sens cr\u00e9atif.<\/span><\/li>\n\n\n<style>.kt-svg-icon-list-item-114_4673a1-76 .kt-svg-icon-list-single{font-size:20px !important;color:var(--global-palette3, #1A202C) !important;}<\/style>\n<li class=\"wp-block-kadence-listitem kt-svg-icon-list-item-wrap kt-svg-icon-list-item-114_4673a1-76 kt-svg-icon-list-style-default\"><span class=\"kb-svg-icon-wrap kb-svg-icon-fe_checkCircle kt-svg-icon-list-single\"><svg viewBox=\"0 0 24 24\"  fill=\"none\" stroke=\"currentColor\" stroke-width=\"2\" stroke-linecap=\"round\" stroke-linejoin=\"round\" xmlns=\"http:\/\/www.w3.org\/2000\/svg\" ><path d=\"M22 11.08V12a10 10 0 1 1-5.93-9.14\"\/><polyline points=\"22 4 12 14.01 9 11.01\"\/><\/svg><\/span><span class=\"kt-svg-icon-list-text\"><strong><em>Atelier\u00a0Collage patchwork\u00a0:<\/em><\/strong>\u00a0cette technique simple satisfait les r\u00e9sidents attir\u00e9s<br>par le d\u00e9coupage et le collage.<\/span><\/li>\n\n\n<style>.kt-svg-icon-list-item-114_bbf6bf-f7 .kt-svg-icon-list-single{font-size:20px !important;color:var(--global-palette3, #1A202C) !important;}<\/style>\n<li class=\"wp-block-kadence-listitem kt-svg-icon-list-item-wrap kt-svg-icon-list-item-114_bbf6bf-f7 kt-svg-icon-list-style-default\"><span class=\"kb-svg-icon-wrap kb-svg-icon-fe_checkCircle kt-svg-icon-list-single\"><svg viewBox=\"0 0 24 24\"  fill=\"none\" stroke=\"currentColor\" stroke-width=\"2\" stroke-linecap=\"round\" stroke-linejoin=\"round\" xmlns=\"http:\/\/www.w3.org\/2000\/svg\" ><path d=\"M22 11.08V12a10 10 0 1 1-5.93-9.14\"\/><polyline points=\"22 4 12 14.01 9 11.01\"\/><\/svg><\/span><span class=\"kt-svg-icon-list-text\"><strong><em>Atelier Jeux d&rsquo;\u00e9criture :<\/em><\/strong> sur le th\u00e8me\u00a0la nature et les\u00a0saisons, permettre \u00e0 chacun<br>d&rsquo;exprimer des sensations et des souvenirs avec ses mots,\u00a0les plus autonomes<br>\u00e9crivent eux-m\u00eames ou on \u00e9crit pour eux.<\/span><\/li>\n\n\n<style>.kt-svg-icon-list-item-114_666d6e-b7 .kt-svg-icon-list-single{font-size:20px !important;color:var(--global-palette3, #1A202C) !important;}<\/style>\n<li class=\"wp-block-kadence-listitem kt-svg-icon-list-item-wrap kt-svg-icon-list-item-114_666d6e-b7 kt-svg-icon-list-style-default\"><span class=\"kb-svg-icon-wrap kb-svg-icon-fe_checkCircle kt-svg-icon-list-single\"><svg viewBox=\"0 0 24 24\"  fill=\"none\" stroke=\"currentColor\" stroke-width=\"2\" stroke-linecap=\"round\" stroke-linejoin=\"round\" xmlns=\"http:\/\/www.w3.org\/2000\/svg\" ><path d=\"M22 11.08V12a10 10 0 1 1-5.93-9.14\"\/><polyline points=\"22 4 12 14.01 9 11.01\"\/><\/svg><\/span><span class=\"kt-svg-icon-list-text\"><strong><em>Atelier Cr\u00e9ation d&rsquo;un arbre \u00e0 message :<\/em><\/strong>\u00a0permet de d\u00e9corer les espaces<br>communs pour les diff\u00e9rentes\u00a0festivit\u00e9s de l&rsquo;ann\u00e9e en accrochant de petits<br>messages r\u00e9dig\u00e9s dans le cadre des jeux d&rsquo;\u00e9criture.<\/span><\/li>\n\n\n<style>.kt-svg-icon-list-item-114_4821de-29 .kt-svg-icon-list-single{font-size:20px !important;color:var(--global-palette3, #1A202C) !important;}<\/style>\n<li class=\"wp-block-kadence-listitem kt-svg-icon-list-item-wrap kt-svg-icon-list-item-114_4821de-29 kt-svg-icon-list-style-default\"><span class=\"kb-svg-icon-wrap kb-svg-icon-fe_checkCircle kt-svg-icon-list-single\"><svg viewBox=\"0 0 24 24\"  fill=\"none\" stroke=\"currentColor\" stroke-width=\"2\" stroke-linecap=\"round\" stroke-linejoin=\"round\" xmlns=\"http:\/\/www.w3.org\/2000\/svg\" ><path d=\"M22 11.08V12a10 10 0 1 1-5.93-9.14\"\/><polyline points=\"22 4 12 14.01 9 11.01\"\/><\/svg><\/span><span class=\"kt-svg-icon-list-text\"><strong><em>Atelier Eveil des sens et cuisine:<\/em><\/strong> fabrication de petits chaussons sal\u00e9s ou sucr\u00e9s<br>ensuite garnis en laissant libre cours aux diff\u00e9rents m\u00e9langes. Apr\u00e8s cuisson<br>d\u00e9gustation autour d&rsquo;un th\u00e9.<\/span><\/li>\n\n\n<style>.kt-svg-icon-list-item-114_687853-f3 .kt-svg-icon-list-single{font-size:20px !important;color:var(--global-palette3, #1A202C) !important;}<\/style>\n<li class=\"wp-block-kadence-listitem kt-svg-icon-list-item-wrap kt-svg-icon-list-item-114_687853-f3 kt-svg-icon-list-style-default\"><span class=\"kb-svg-icon-wrap kb-svg-icon-fe_checkCircle kt-svg-icon-list-single\"><svg viewBox=\"0 0 24 24\"  fill=\"none\" stroke=\"currentColor\" stroke-width=\"2\" stroke-linecap=\"round\" stroke-linejoin=\"round\" xmlns=\"http:\/\/www.w3.org\/2000\/svg\" ><path d=\"M22 11.08V12a10 10 0 1 1-5.93-9.14\"\/><polyline points=\"22 4 12 14.01 9 11.01\"\/><\/svg><\/span><span class=\"kt-svg-icon-list-text\"><strong><em>Atelier\u00a0Parcours lecture adapt\u00e9 aux saisons dans le parc de la mairie de la<br>ville :<\/em><\/strong> organiser une courte sortie avec les r\u00e9sidents ainsi qu&rsquo;une lecture \u00e0 haute<br>voix d&rsquo;un texte court (5 \u00e0 10 minutes) \u00e0 l&rsquo;issue de la promenade.<\/span><\/li>\n\n\n<style>.kt-svg-icon-list-item-114_d5f3d7-bf .kt-svg-icon-list-single{font-size:20px !important;color:var(--global-palette3, #1A202C) !important;}<\/style>\n<li class=\"wp-block-kadence-listitem kt-svg-icon-list-item-wrap kt-svg-icon-list-item-114_d5f3d7-bf kt-svg-icon-list-style-default\"><span class=\"kb-svg-icon-wrap kb-svg-icon-fe_checkCircle kt-svg-icon-list-single\"><svg viewBox=\"0 0 24 24\"  fill=\"none\" stroke=\"currentColor\" stroke-width=\"2\" stroke-linecap=\"round\" stroke-linejoin=\"round\" xmlns=\"http:\/\/www.w3.org\/2000\/svg\" ><path d=\"M22 11.08V12a10 10 0 1 1-5.93-9.14\"\/><polyline points=\"22 4 12 14.01 9 11.01\"\/><\/svg><\/span><span class=\"kt-svg-icon-list-text\"><strong><em>Atelier\u00a0Parcours land art dans le jardin de la r\u00e9sidence\u00a0:\u00a0<\/em><\/strong>cr\u00e9ation d&rsquo;\u0153uvres<br>\u00e9ph\u00e9m\u00e8res \u00e0 partir de l\u00e9gumes, feuilles et tous autres mat\u00e9riaux de r\u00e9cup\u00e9ration<br>par les r\u00e9sidents volontaires.<\/span><\/li>\n<\/ul><\/div>\n<\/div><\/div>\n\n\n<style>.kadence-column114_4a4b11-48 > .kt-inside-inner-col,.kadence-column114_4a4b11-48 > .kt-inside-inner-col:before{border-top-left-radius:0px;border-top-right-radius:0px;border-bottom-right-radius:0px;border-bottom-left-radius:0px;}.kadence-column114_4a4b11-48 > .kt-inside-inner-col:before{opacity:0.3;}.kadence-column114_4a4b11-48{position:relative;}<\/style>\n<div class=\"wp-block-kadence-column kadence-column114_4a4b11-48 inner-column-3\"><div class=\"kt-inside-inner-col\"><\/div><\/div>\n\n<\/div><\/div>\n\n\n<p><\/p>\n","protected":false},"excerpt":{"rendered":"<p>Les Ateliers cr\u00e9atifs Ateliers cr\u00e9atifs s\u00e9niors Cycle d&rsquo;activit\u00e9s qui&nbsp;permettent de sortir de l\u2019isolement,&nbsp;cr\u00e9er du lien social&nbsp;:D\u00e9velopper l\u2019\u00e9coute, l\u2019ouverture d\u2019esprit et l\u2019empathie, renforcer l\u2019estime de soi par la cr\u00e9ativit\u00e9. Avec des activit\u00e9s de cr\u00e9ations :&nbsp;peinture, coloriage, collage, pliage, cr\u00e9ationd&rsquo;objets \u2026. Qui d\u00e9veloppent les fonctions cognitives, am\u00e9liorent la concentration ainsi que la coordination mental-main.Ces activit\u00e9s apaisent, d\u00e9tendent&#8230;<\/p>\n","protected":false},"author":1,"featured_media":0,"parent":0,"menu_order":0,"comment_status":"closed","ping_status":"closed","template":"","meta":{"_kad_post_transparent":"","_kad_post_title":"","_kad_post_layout":"","_kad_post_sidebar_id":"","_kad_post_content_style":"","_kad_post_vertical_padding":"","_kad_post_feature":"","_kad_post_feature_position":"","_kad_post_header":false,"_kad_post_footer":false},"aioseo_notices":[],"_links":{"self":[{"href":"https:\/\/agencemylearning.fr\/index.php\/wp-json\/wp\/v2\/pages\/114"}],"collection":[{"href":"https:\/\/agencemylearning.fr\/index.php\/wp-json\/wp\/v2\/pages"}],"about":[{"href":"https:\/\/agencemylearning.fr\/index.php\/wp-json\/wp\/v2\/types\/page"}],"author":[{"embeddable":true,"href":"https:\/\/agencemylearning.fr\/index.php\/wp-json\/wp\/v2\/users\/1"}],"replies":[{"embeddable":true,"href":"https:\/\/agencemylearning.fr\/index.php\/wp-json\/wp\/v2\/comments?post=114"}],"version-history":[{"count":32,"href":"https:\/\/agencemylearning.fr\/index.php\/wp-json\/wp\/v2\/pages\/114\/revisions"}],"predecessor-version":[{"id":393,"href":"https:\/\/agencemylearning.fr\/index.php\/wp-json\/wp\/v2\/pages\/114\/revisions\/393"}],"wp:attachment":[{"href":"https:\/\/agencemylearning.fr\/index.php\/wp-json\/wp\/v2\/media?parent=114"}],"curies":[{"name":"wp","href":"https:\/\/api.w.org\/{rel}","templated":true}]}}