{"id":35,"date":"2022-07-06T17:01:57","date_gmt":"2022-07-06T15:01:57","guid":{"rendered":"http:\/\/localhost\/My%20Learning\/?page_id=35"},"modified":"2023-05-15T13:20:10","modified_gmt":"2023-05-15T11:20:10","slug":"mon-parcours","status":"publish","type":"page","link":"https:\/\/agencemylearning.fr\/index.php\/mon-parcours\/","title":{"rendered":"Mon Parcours"},"content":{"rendered":"<style>.wp-block-kadence-spacer.kt-block-spacer-_fb743e-e5 .kt-block-spacer{height:98px;}.wp-block-kadence-spacer.kt-block-spacer-_fb743e-e5 .kt-divider{border-top-width:1px;height:1px;border-top-color:#eee;width:80%;border-top-style:solid;}<\/style>\n<div class=\"wp-block-kadence-spacer aligncenter kt-block-spacer-_fb743e-e5\"><div class=\"kt-block-spacer kt-block-spacer-halign-center\"><\/div><\/div>\n\n\n<style>.kb-row-layout-id_3b1a44-fb > .kt-row-column-wrap{align-content:start;}:where(.kb-row-layout-id_3b1a44-fb > .kt-row-column-wrap) > .wp-block-kadence-column{justify-content:start;}.kb-row-layout-id_3b1a44-fb > .kt-row-column-wrap{column-gap:var(--global-kb-gap-md, 2rem);row-gap:var(--global-kb-gap-md, 2rem);padding-top:var(--global-kb-spacing-sm, 1.5rem);padding-bottom:var(--global-kb-spacing-sm, 1.5rem);grid-template-columns:minmax(0, 1fr) minmax(0, 2fr);}.kb-row-layout-id_3b1a44-fb > .kt-row-layout-overlay{opacity:0.30;}@media all and (max-width: 1024px){.kb-row-layout-id_3b1a44-fb > .kt-row-column-wrap{grid-template-columns:repeat(2, minmax(0, 1fr));}}@media all and (max-width: 767px){.kb-row-layout-id_3b1a44-fb > .kt-row-column-wrap{padding-top:var(--global-kb-spacing-sm, 1.5rem);padding-right:var(--global-kb-spacing-sm, 1.5rem);padding-bottom:var(--global-kb-spacing-sm, 1.5rem);padding-left:var(--global-kb-spacing-sm, 1.5rem);grid-template-columns:minmax(0, 1fr);}}<\/style><div class=\"kb-row-layout-wrap kb-row-layout-id_3b1a44-fb alignnone wp-block-kadence-rowlayout\"><div class=\"kt-row-column-wrap kt-has-2-columns kt-row-layout-right-golden kt-tab-layout-inherit kt-mobile-layout-row kt-row-valign-top\">\n<style>.kadence-column_777706-d1 > .kt-inside-inner-col,.kadence-column_777706-d1 > .kt-inside-inner-col:before{border-top-left-radius:0px;border-top-right-radius:0px;border-bottom-right-radius:0px;border-bottom-left-radius:0px;}.kadence-column_777706-d1 > .kt-inside-inner-col{justify-content:center;flex-direction:column;display:flex;}.kadence-column_777706-d1 > .kt-inside-inner-col > .aligncenter{width:100%;}.kt-row-column-wrap > .kadence-column_777706-d1{align-self:center;}.kt-inner-column-height-full:not(.kt-has-1-columns) > .wp-block-kadence-column.kadence-column_777706-d1{align-self:auto;}.kt-inner-column-height-full:not(.kt-has-1-columns) > .wp-block-kadence-column.kadence-column_777706-d1 > .kt-inside-inner-col{display:flex;flex-direction:column;justify-content:center;}.kadence-column_777706-d1 > .kt-inside-inner-col:before{opacity:0.3;}.kadence-column_777706-d1{position:relative;}<\/style>\n<div class=\"wp-block-kadence-column kadence-column_777706-d1 inner-column-1\"><div class=\"kt-inside-inner-col\"><style>.kb-image_163fec-9e.kb-image-is-ratio-size, .kb-image_163fec-9e .kb-image-is-ratio-size{max-width:260px;width:100%;}.kb-image_163fec-9e figure{max-width:260px;}.kb-image_163fec-9e .image-is-svg, .kb-image_163fec-9e .image-is-svg img{width:100%;}.kb-image_163fec-9e .kb-image-has-overlay:after{opacity:0.3;}<\/style>\n<div class=\"wp-block-kadence-image kb-image_163fec-9e\"><figure class=\"aligncenter size-full\"><img decoding=\"async\" loading=\"lazy\" width=\"358\" height=\"465\" src=\"https:\/\/agencemylearning.fr\/wp-content\/uploads\/2022\/07\/martine.png\" alt=\"\" class=\"kb-img wp-image-143\" srcset=\"https:\/\/agencemylearning.fr\/wp-content\/uploads\/2022\/07\/martine.png 358w, https:\/\/agencemylearning.fr\/wp-content\/uploads\/2022\/07\/martine-231x300.png 231w\" sizes=\"(max-width: 358px) 100vw, 358px\" \/><\/figure><\/div>\n<\/div><\/div>\n\n\n<style>.kadence-column_ffe0f7-37 > .kt-inside-inner-col,.kadence-column_ffe0f7-37 > .kt-inside-inner-col:before{border-top-left-radius:0px;border-top-right-radius:0px;border-bottom-right-radius:0px;border-bottom-left-radius:0px;}.kadence-column_ffe0f7-37 > .kt-inside-inner-col:before{opacity:0.3;}.kadence-column_ffe0f7-37{position:relative;}<\/style>\n<div class=\"wp-block-kadence-column kadence-column_ffe0f7-37 inner-column-2\"><div class=\"kt-inside-inner-col\"><style>.wp-block-kadence-advancedheading.kt-adv-heading_da5a49-00, .wp-block-kadence-advancedheading.kt-adv-heading_da5a49-00[data-kb-block=\"kb-adv-heading_da5a49-00\"]{font-style:normal;}.wp-block-kadence-advancedheading.kt-adv-heading_da5a49-00 mark, .wp-block-kadence-advancedheading.kt-adv-heading_da5a49-00[data-kb-block=\"kb-adv-heading_da5a49-00\"] mark{font-style:normal;color:#f76a0c;padding-top:0px;padding-right:0px;padding-bottom:0px;padding-left:0px;}@media all and (max-width: 767px){.wp-block-kadence-advancedheading.kt-adv-heading_da5a49-00, .wp-block-kadence-advancedheading.kt-adv-heading_da5a49-00[data-kb-block=\"kb-adv-heading_da5a49-00\"]{padding-top:0px;padding-right:0px;padding-bottom:0px;padding-left:0px;}}<\/style>\n<h2 class=\"kt-adv-heading_da5a49-00 wp-block-kadence-advancedheading\" data-kb-block=\"kb-adv-heading_da5a49-00\">Martine PELIGRY<\/h2>\n\n\n\n<p>Je viens du monde des ressources humaines o\u00f9 pendant 25 ans j&rsquo;ai accompagn\u00e9 des salari\u00e9s et des cr\u00e9ateurs d&rsquo;entreprise dans des p\u00e9riodes&nbsp;de changements.<br>En 2013 j\u2019ai cr\u00e9\u00e9 mon activit\u00e9 en diversifiant les pratiques de coaching vers&nbsp; &nbsp;d&rsquo;autres publics : les \u00e9tudiants, les jeunes qui construisent un projet, les personnes en transition professionnelle, les personnes \u00e2g\u00e9es, les enfants.<\/p>\n\n\n\n<p>L\u2019ann\u00e9e 2020 a acc\u00e9l\u00e9r\u00e9 ma&nbsp; prise de conscience de la n\u00e9cessit\u00e9 de participer \u00e0&nbsp;des projets collectifs j&rsquo;ai ainsi rejoint&nbsp;&nbsp;diff\u00e9rentes Fondations&nbsp;: SEVE ( Savoir \u00catre et Vivre Ensemble ) l\u2019association SNC (solidarit\u00e9s nouvelles face au ch\u00f4mage) pour un travail de partenariat et d&rsquo;enrichissement mutuel .<\/p>\n\n\n\n<p>&nbsp;J&rsquo;ai acquis la conviction que chacun a les moyens de se d\u00e9velopper , que les pratiques plus<br>orient\u00e9es vers l\u2019expression de la cr\u00e9ativit\u00e9 et&nbsp; la compr\u00e9hension des \u00e9motions permettent d&rsquo;acc\u00e9der&nbsp;\u00e0 plus de confiance&nbsp;<br>&nbsp;en soi et qu\u2019\u00eatre accompagn\u00e9 pour le faire est un gage de r\u00e9ussite .<\/p>\n<\/div><\/div>\n\n<\/div><\/div>","protected":false},"excerpt":{"rendered":"<p>Martine PELIGRY Je viens du monde des ressources humaines o\u00f9 pendant 25 ans j&rsquo;ai accompagn\u00e9 des salari\u00e9s et des cr\u00e9ateurs d&rsquo;entreprise dans des p\u00e9riodes&nbsp;de changements.En 2013 j\u2019ai cr\u00e9\u00e9 mon activit\u00e9 en diversifiant les pratiques de coaching vers&nbsp; &nbsp;d&rsquo;autres publics : les \u00e9tudiants, les jeunes qui construisent un projet, les personnes en transition professionnelle, les personnes&#8230;<\/p>\n","protected":false},"author":1,"featured_media":0,"parent":0,"menu_order":0,"comment_status":"closed","ping_status":"closed","template":"","meta":{"_kad_post_transparent":"","_kad_post_title":"","_kad_post_layout":"","_kad_post_sidebar_id":"","_kad_post_content_style":"","_kad_post_vertical_padding":"","_kad_post_feature":"","_kad_post_feature_position":"","_kad_post_header":false,"_kad_post_footer":false},"aioseo_notices":[],"_links":{"self":[{"href":"https:\/\/agencemylearning.fr\/index.php\/wp-json\/wp\/v2\/pages\/35"}],"collection":[{"href":"https:\/\/agencemylearning.fr\/index.php\/wp-json\/wp\/v2\/pages"}],"about":[{"href":"https:\/\/agencemylearning.fr\/index.php\/wp-json\/wp\/v2\/types\/page"}],"author":[{"embeddable":true,"href":"https:\/\/agencemylearning.fr\/index.php\/wp-json\/wp\/v2\/users\/1"}],"replies":[{"embeddable":true,"href":"https:\/\/agencemylearning.fr\/index.php\/wp-json\/wp\/v2\/comments?post=35"}],"version-history":[{"count":10,"href":"https:\/\/agencemylearning.fr\/index.php\/wp-json\/wp\/v2\/pages\/35\/revisions"}],"predecessor-version":[{"id":383,"href":"https:\/\/agencemylearning.fr\/index.php\/wp-json\/wp\/v2\/pages\/35\/revisions\/383"}],"wp:attachment":[{"href":"https:\/\/agencemylearning.fr\/index.php\/wp-json\/wp\/v2\/media?parent=35"}],"curies":[{"name":"wp","href":"https:\/\/api.w.org\/{rel}","templated":true}]}}